{"id":26,"date":"2019-11-29T19:06:40","date_gmt":"2019-11-29T19:06:40","guid":{"rendered":"https:\/\/physio-reha-palm.ch\/?page_id=26"},"modified":"2019-11-29T19:06:40","modified_gmt":"2019-11-29T19:06:40","slug":"impressum","status":"publish","type":"page","link":"https:\/\/physio-reha-palm.ch\/?page_id=26","title":{"rendered":"Impressum"},"content":{"rendered":"<p><strong>Kontakt-Adresse<\/strong><\/p>\n<p>Physio &amp; Reha Uwe Palm GmbH<br \/>\nIndustriestrasse 13<br \/>\n3210 Kerzers<br \/>\nSchweiz<\/p>\n<p>E-Mail:<br \/>\nuwe.palm@physio-reha-palm.ch<\/p>\n<p>&nbsp;<\/p>\n<p><strong>Vertretungsberechtigte Person(en)<\/strong><\/p>\n<p>Uwe Palm Gesch\u00e4ftsf\u00fchrer<\/p>\n<p>&nbsp;<\/p>\n<p><strong>Handelsregister-Eintrag<\/strong><\/p>\n<p>Eingetragener Firmenname: Physio &amp; Reha Uwe Palm GmbH<br \/>\nHandelsregister Nr: CHE-407.209.537.<\/p>\n<p>&nbsp;<\/p>\n<p><strong>Haftungsausschluss<\/strong><\/p>\n<p>Der Autor \u00fcbernimmt keinerlei Gew\u00e4hr hinsichtlich der inhaltlichen Richtigkeit, Genauigkeit, Aktualit\u00e4t, Zuverl\u00e4ssigkeit und Vollst\u00e4ndigkeit der Informationen.<\/p>\n<p>Haftungsanspr\u00fcche gegen den Autor wegen Sch\u00e4den materieller oder immaterieller Art, welche aus dem Zugriff oder der Nutzung bzw. Nichtnutzung der ver\u00f6ffentlichten Informationen, durch Missbrauch der Verbindung oder durch technische St\u00f6rungen entstanden sind, werden ausgeschlossen.<\/p>\n<p>Alle Angebote sind unverbindlich. Der Autor beh\u00e4lt es sich ausdr\u00fccklich vor, Teile der Seiten oder das gesamte Angebot ohne besondere Ank\u00fcndigung zu ver\u00e4ndern, zu erg\u00e4nzen, zu l\u00f6schen oder die Ver\u00f6ffentlichung zeitweise oder endg\u00fcltig einzustellen.<\/p>\n<p>&nbsp;<\/p>\n<p><strong>Urheberrechte<\/strong><\/p>\n<p>Die Urheber- und alle anderen Rechte an Inhalten, Bildern, Fotos oder anderen Dateien auf dieser Website, geh\u00f6ren ausschliesslich <strong>der Firma Physio &amp; Reha Uwe Palm GmbH<\/strong> oder den speziell genannten Rechteinhabern. F\u00fcr die Reproduktion jeglicher Elemente ist die schriftliche Zustimmung des Urheberrechtstr\u00e4gers im Voraus einzuholen.<\/p>\n<p>&nbsp;<\/p>\n<p><!--ACHTUNG: Wenn Sie die Quelle ohne Erlaubnis von SwissAnwalt entfernen, dann begehen Sie eine Urheberrechtsverletzung welche in jedem Fall geahndet wird.--><br \/>\nQuelle: <a href=\"https:\/\/www.swissanwalt.ch\" target=\"_blank\" rel=\"noopener noreferrer\">SwissAnwalt<\/a><!--Bitte beachten Sie die AGB von SwissAnwalt betreffend allf&auml;llig anfallenden Kosten bei Weglassen der Quelle!--><\/p>\n","protected":false},"excerpt":{"rendered":"<p>Kontakt-Adresse Physio &amp; Reha Uwe Palm GmbH Industriestrasse 13 3210 Kerzers Schweiz E-Mail: uwe.palm@physio-reha-palm.ch &nbsp; Vertretungsberechtigte Person(en) Uwe Palm Gesch\u00e4ftsf\u00fchrer &nbsp; Handelsregister-Eintrag Eingetragener Firmenname: Physio &amp; Reha Uwe Palm GmbH Handelsregister Nr: CHE-407.209.537. &nbsp; Haftungsausschluss Der Autor \u00fcbernimmt keinerlei Gew\u00e4hr hinsichtlich der inhaltlichen Richtigkeit, Genauigkeit, Aktualit\u00e4t, Zuverl\u00e4ssigkeit und Vollst\u00e4ndigkeit der Informationen. Haftungsanspr\u00fcche gegen den Autor [&hellip;]<\/p>\n","protected":false},"author":1,"featured_media":0,"parent":0,"menu_order":0,"comment_status":"closed","ping_status":"closed","template":"","meta":{"footnotes":""},"class_list":["post-26","page","type-page","status-publish","hentry"],"yoast_head":"<!-- This site is optimized with the Yoast SEO plugin v27.4 - https:\/\/yoast.com\/product\/yoast-seo-wordpress\/ -->\n<title>Impressum - Physiotherapie &amp; Rehabilitation<\/title>\n<meta name=\"robots\" content=\"index, follow, max-snippet:-1, max-image-preview:large, max-video-preview:-1\" \/>\n<link rel=\"canonical\" href=\"https:\/\/physio-reha-palm.ch\/?page_id=26\" \/>\n<meta property=\"og:locale\" content=\"de_DE\" \/>\n<meta property=\"og:type\" content=\"article\" \/>\n<meta property=\"og:title\" content=\"Impressum - Physiotherapie &amp; Rehabilitation\" \/>\n<meta property=\"og:description\" content=\"Kontakt-Adresse Physio &amp; Reha Uwe Palm GmbH Industriestrasse 13 3210 Kerzers Schweiz E-Mail: uwe.palm@physio-reha-palm.ch &nbsp; Vertretungsberechtigte Person(en) Uwe Palm Gesch\u00e4ftsf\u00fchrer &nbsp; Handelsregister-Eintrag Eingetragener Firmenname: Physio &amp; Reha Uwe Palm GmbH Handelsregister Nr: CHE-407.209.537. &nbsp; Haftungsausschluss Der Autor \u00fcbernimmt keinerlei Gew\u00e4hr hinsichtlich der inhaltlichen Richtigkeit, Genauigkeit, Aktualit\u00e4t, Zuverl\u00e4ssigkeit und Vollst\u00e4ndigkeit der Informationen. Haftungsanspr\u00fcche gegen den Autor [&hellip;]\" \/>\n<meta property=\"og:url\" content=\"https:\/\/physio-reha-palm.ch\/?page_id=26\" \/>\n<meta property=\"og:site_name\" content=\"Physiotherapie &amp; Rehabilitation\" \/>\n<meta name=\"twitter:card\" content=\"summary_large_image\" \/>\n<meta name=\"twitter:label1\" content=\"Gesch\u00e4tzte Lesezeit\" \/>\n\t<meta name=\"twitter:data1\" content=\"1\u00a0Minute\" \/>\n<script type=\"application\/ld+json\" class=\"yoast-schema-graph\">{\"@context\":\"https:\\\/\\\/schema.org\",\"@graph\":[{\"@type\":\"WebPage\",\"@id\":\"https:\\\/\\\/physio-reha-palm.ch\\\/?page_id=26\",\"url\":\"https:\\\/\\\/physio-reha-palm.ch\\\/?page_id=26\",\"name\":\"Impressum - Physiotherapie &amp; Rehabilitation\",\"isPartOf\":{\"@id\":\"https:\\\/\\\/physio-reha-palm.ch\\\/#website\"},\"datePublished\":\"2019-11-29T19:06:40+00:00\",\"breadcrumb\":{\"@id\":\"https:\\\/\\\/physio-reha-palm.ch\\\/?page_id=26#breadcrumb\"},\"inLanguage\":\"de\",\"potentialAction\":[{\"@type\":\"ReadAction\",\"target\":[\"https:\\\/\\\/physio-reha-palm.ch\\\/?page_id=26\"]}]},{\"@type\":\"BreadcrumbList\",\"@id\":\"https:\\\/\\\/physio-reha-palm.ch\\\/?page_id=26#breadcrumb\",\"itemListElement\":[{\"@type\":\"ListItem\",\"position\":1,\"name\":\"Home\",\"item\":\"https:\\\/\\\/physio-reha-palm.ch\\\/\"},{\"@type\":\"ListItem\",\"position\":2,\"name\":\"Impressum\"}]},{\"@type\":\"WebSite\",\"@id\":\"https:\\\/\\\/physio-reha-palm.ch\\\/#website\",\"url\":\"https:\\\/\\\/physio-reha-palm.ch\\\/\",\"name\":\"Physiotherapie &amp; Rehabilitation\",\"description\":\"\",\"potentialAction\":[{\"@type\":\"SearchAction\",\"target\":{\"@type\":\"EntryPoint\",\"urlTemplate\":\"https:\\\/\\\/physio-reha-palm.ch\\\/?s={search_term_string}\"},\"query-input\":{\"@type\":\"PropertyValueSpecification\",\"valueRequired\":true,\"valueName\":\"search_term_string\"}}],\"inLanguage\":\"de\"}]}<\/script>\n<!-- \/ Yoast SEO plugin. -->","yoast_head_json":{"title":"Impressum - Physiotherapie &amp; Rehabilitation","robots":{"index":"index","follow":"follow","max-snippet":"max-snippet:-1","max-image-preview":"max-image-preview:large","max-video-preview":"max-video-preview:-1"},"canonical":"https:\/\/physio-reha-palm.ch\/?page_id=26","og_locale":"de_DE","og_type":"article","og_title":"Impressum - Physiotherapie &amp; Rehabilitation","og_description":"Kontakt-Adresse Physio &amp; Reha Uwe Palm GmbH Industriestrasse 13 3210 Kerzers Schweiz E-Mail: uwe.palm@physio-reha-palm.ch &nbsp; Vertretungsberechtigte Person(en) Uwe Palm Gesch\u00e4ftsf\u00fchrer &nbsp; Handelsregister-Eintrag Eingetragener Firmenname: Physio &amp; Reha Uwe Palm GmbH Handelsregister Nr: CHE-407.209.537. &nbsp; Haftungsausschluss Der Autor \u00fcbernimmt keinerlei Gew\u00e4hr hinsichtlich der inhaltlichen Richtigkeit, Genauigkeit, Aktualit\u00e4t, Zuverl\u00e4ssigkeit und Vollst\u00e4ndigkeit der Informationen. Haftungsanspr\u00fcche gegen den Autor [&hellip;]","og_url":"https:\/\/physio-reha-palm.ch\/?page_id=26","og_site_name":"Physiotherapie &amp; Rehabilitation","twitter_card":"summary_large_image","twitter_misc":{"Gesch\u00e4tzte Lesezeit":"1\u00a0Minute"},"schema":{"@context":"https:\/\/schema.org","@graph":[{"@type":"WebPage","@id":"https:\/\/physio-reha-palm.ch\/?page_id=26","url":"https:\/\/physio-reha-palm.ch\/?page_id=26","name":"Impressum - Physiotherapie &amp; Rehabilitation","isPartOf":{"@id":"https:\/\/physio-reha-palm.ch\/#website"},"datePublished":"2019-11-29T19:06:40+00:00","breadcrumb":{"@id":"https:\/\/physio-reha-palm.ch\/?page_id=26#breadcrumb"},"inLanguage":"de","potentialAction":[{"@type":"ReadAction","target":["https:\/\/physio-reha-palm.ch\/?page_id=26"]}]},{"@type":"BreadcrumbList","@id":"https:\/\/physio-reha-palm.ch\/?page_id=26#breadcrumb","itemListElement":[{"@type":"ListItem","position":1,"name":"Home","item":"https:\/\/physio-reha-palm.ch\/"},{"@type":"ListItem","position":2,"name":"Impressum"}]},{"@type":"WebSite","@id":"https:\/\/physio-reha-palm.ch\/#website","url":"https:\/\/physio-reha-palm.ch\/","name":"Physiotherapie &amp; Rehabilitation","description":"","potentialAction":[{"@type":"SearchAction","target":{"@type":"EntryPoint","urlTemplate":"https:\/\/physio-reha-palm.ch\/?s={search_term_string}"},"query-input":{"@type":"PropertyValueSpecification","valueRequired":true,"valueName":"search_term_string"}}],"inLanguage":"de"}]}},"_links":{"self":[{"href":"https:\/\/physio-reha-palm.ch\/index.php?rest_route=\/wp\/v2\/pages\/26","targetHints":{"allow":["GET"]}}],"collection":[{"href":"https:\/\/physio-reha-palm.ch\/index.php?rest_route=\/wp\/v2\/pages"}],"about":[{"href":"https:\/\/physio-reha-palm.ch\/index.php?rest_route=\/wp\/v2\/types\/page"}],"author":[{"embeddable":true,"href":"https:\/\/physio-reha-palm.ch\/index.php?rest_route=\/wp\/v2\/users\/1"}],"replies":[{"embeddable":true,"href":"https:\/\/physio-reha-palm.ch\/index.php?rest_route=%2Fwp%2Fv2%2Fcomments&post=26"}],"version-history":[{"count":1,"href":"https:\/\/physio-reha-palm.ch\/index.php?rest_route=\/wp\/v2\/pages\/26\/revisions"}],"predecessor-version":[{"id":27,"href":"https:\/\/physio-reha-palm.ch\/index.php?rest_route=\/wp\/v2\/pages\/26\/revisions\/27"}],"wp:attachment":[{"href":"https:\/\/physio-reha-palm.ch\/index.php?rest_route=%2Fwp%2Fv2%2Fmedia&parent=26"}],"curies":[{"name":"wp","href":"https:\/\/api.w.org\/{rel}","templated":true}]}}